{"id":1631,"date":"2021-11-01T10:09:05","date_gmt":"2021-11-01T10:09:05","guid":{"rendered":"https:\/\/notary.seep.ch\/?page_id=1631"},"modified":"2021-11-02T10:25:54","modified_gmt":"2021-11-02T10:25:54","slug":"datenschutzpolitik","status":"publish","type":"page","link":"https:\/\/notary.seep.ch\/de\/datenschutzpolitik\/","title":{"rendered":"Datenschutzpolitik"},"content":{"rendered":"<h1 style=\"text-align: center;\"><strong>Datenschutzpolitik<\/strong><\/h1>\n<p>&nbsp;<\/p>\n<p>&nbsp;<\/p>\n<h2><strong>PERS\u00d6NLICHE INFORMATIONEN, DIE WIR SAMMELN<\/strong><\/h2>\n<p>Wenn Sie die Website besuchen, erfassen wir automatisch bestimmte Informationen \u00fcber Ihr Ger\u00e4t, einschlie\u00dflich Informationen \u00fcber Ihren Webbrowser, Ihre IP-Adresse, Ihre Zeitzone und einige der Cookies, die auf Ihrem Ger\u00e4t installiert sind. Wenn Sie auf der Website surfen, erfassen wir au\u00dferdem Informationen \u00fcber die einzelnen Webseiten oder Produkte, die Sie sich ansehen, welche Websites oder Suchbegriffe Sie auf die Website verwiesen haben, und Informationen dar\u00fcber, wie Sie mit der Website interagieren. Wir bezeichnen diese automatisch gesammelten Informationen als &#8222;Ger\u00e4teinformationen&#8220;.<\/p>\n<p>Wir erfassen Ger\u00e4teinformationen mithilfe der folgenden Technologien:<br \/>\n&#8211; Cookies&#8220; sind Datendateien, die auf Ihrem Ger\u00e4t oder Computer gespeichert werden und h\u00e4ufig eine anonyme eindeutige Kennung enthalten. Weitere Informationen \u00fcber Cookies und wie Sie Cookies deaktivieren k\u00f6nnen, finden Sie unter <a href=\"http:\/\/www.allaboutcookies.org\" target=\"_blank\" rel=\"noopener\">http:\/\/www.allaboutcookies.org<\/a><br \/>\n&#8211; Protokolldateien&#8220; verfolgen Aktionen auf der Website und erfassen Daten wie Ihre IP-Adresse, den Browsertyp, den Internetdienstanbieter, die Verweis- und Ausgangsseiten sowie Datums- und Zeitstempel.<br \/>\n&#8211; &#8222;Web Beacons&#8220;, &#8222;Tags&#8220; und &#8222;Pixel&#8220; sind elektronische Dateien, die Informationen dar\u00fcber aufzeichnen, wie Sie auf der Website surfen.<\/p>\n<p>Wenn Sie einen Kauf t\u00e4tigen oder versuchen, einen Kauf \u00fcber die Website zu t\u00e4tigen, erfassen wir au\u00dferdem bestimmte Informationen von Ihnen, darunter Ihren Namen, Ihre Rechnungsadresse, Ihre Lieferadresse, Ihre Zahlungsinformationen (einschlie\u00dflich Kreditkartennummern), Ihre E-Mail-Adresse und Ihre Telefonnummer. Wir bezeichnen diese Informationen als &#8222;Bestellinformationen&#8220;.<\/p>\n<p>Wenn wir in dieser Datenschutzrichtlinie von &#8222;pers\u00f6nlichen Daten&#8220; sprechen, meinen wir damit sowohl Ger\u00e4te- als auch Bestelldaten.<\/p>\n<p>&nbsp;<\/p>\n<h2><strong>WIE VERWENDEN WIR IHRE PERS\u00d6NLICHEN INFORMATIONEN?<\/strong><\/h2>\n<p>Wir verwenden die von uns gesammelten Bestellinformationen im Allgemeinen, um die \u00fcber die Website aufgegebenen Bestellungen auszuf\u00fchren (einschlie\u00dflich der Verarbeitung Ihrer Zahlungsinformationen, der Organisation des Versands und der Zusendung von Rechnungen und\/oder Auftragsbest\u00e4tigungen). Dar\u00fcber hinaus verwenden wir diese Bestellinformationen, um:<br \/>\n&#8211; mit Ihnen zu kommunizieren;<br \/>\n&#8211; unsere Bestellungen auf potenzielle Risiken oder Betrug zu pr\u00fcfen; und<br \/>\n&#8211; wenn es den von Ihnen mitgeteilten Pr\u00e4ferenzen entspricht, um Ihnen Informationen oder Werbung zu unseren Produkten oder Dienstleistungen zukommen zu lassen.<\/p>\n<p>Wir verwenden die gesammelten Ger\u00e4teinformationen, um potenzielle Risiken und Betrugsf\u00e4lle zu erkennen (insbesondere Ihre IP-Adresse) und um unsere Website allgemein zu verbessern und zu optimieren (z. B. durch die Erstellung von Analysen dar\u00fcber, wie unsere Kunden auf der Website surfen und mit ihr interagieren, und um den Erfolg unserer Marketing- und Werbekampagnen zu bewerten).<\/p>\n<p>&nbsp;<\/p>\n<h2><strong>WEITERGABE IHRER PERS\u00d6NLICHEN INFORMATIONEN<\/strong><\/h2>\n<p>Wir geben Ihre pers\u00f6nlichen Daten an Dritte weiter, damit diese uns bei der Verwendung Ihrer pers\u00f6nlichen Daten wie oben beschrieben helfen. Wir verwenden auch Google Analytics, um zu verstehen, wie unsere Kunden die Website nutzen &#8211; Sie k\u00f6nnen hier mehr dar\u00fcber lesen, wie Google Ihre pers\u00f6nlichen Daten verwendet:<br \/>\n<a href=\"https:\/\/www.google.com\/intl\/en\/policies\/privacy\/\" target=\"_blank\" rel=\"noopener\">https:\/\/www.google.com\/intl\/en\/policies\/privacy\/<\/a><br \/>\nSie k\u00f6nnen Google Analytics auch hier abbestellen:<a href=\"https:\/\/tools.google.com\/dlpage\/gaoptout\" target=\"_blank\" rel=\"noopener\"> https:\/\/tools.google.com\/dlpage\/gaoptout<\/a><\/p>\n<p>Schlie\u00dflich k\u00f6nnen wir Ihre pers\u00f6nlichen Daten auch weitergeben, um geltende Gesetze und Vorschriften einzuhalten, um auf eine Vorladung, einen Durchsuchungsbefehl oder eine andere rechtm\u00e4\u00dfige Anfrage nach Informationen zu reagieren, die wir erhalten, oder um unsere Rechte anderweitig zu sch\u00fctzen.<\/p>\n<p>&nbsp;<\/p>\n<h2><strong>VERHALTENSBASIERTE WERBUNG<\/strong><\/h2>\n<p>Wie oben beschrieben, verwenden wir Ihre pers\u00f6nlichen Daten, um Ihnen gezielte Werbung oder Marketingkommunikation zukommen zu lassen, von der wir glauben, dass sie f\u00fcr Sie von Interesse sein k\u00f6nnte. Weitere Informationen dar\u00fcber, wie gezielte Werbung funktioniert, finden Sie auf der Bildungsseite der Network Advertising Initiative (&#8222;NAI&#8220;) unter<br \/>\n<a href=\"http:\/\/www.networkadvertising.org\/understanding-online-advertising\/how-does-it-work.\" target=\"_blank\" rel=\"noopener\">http:\/\/www.networkadvertising.org\/understanding-online-advertising\/how-does-it-work.<\/a><\/p>\n<p>Sie k\u00f6nnen gezielte Werbung \u00fcber die unten stehenden Links abbestellen:<br \/>\n&#8211; Facebook: <a href=\"https:\/\/www.facebook.com\/settings\/?tab=ads\" target=\"_blank\" rel=\"noopener\">https:\/\/www.facebook.com\/settings\/?tab=ads<\/a><br \/>\n&#8211; Google: <a href=\"https:\/\/www.google.com\/settings\/ads\/anonymous\" target=\"_blank\" rel=\"noopener\">https:\/\/www.google.com\/settings\/ads\/anonymous<\/a><br \/>\n&#8211; Bing:<br \/>\n<a href=\"https:\/\/advertise.bingads.microsoft.com\/en-us\/resources\/policies\/personalized-ads\" target=\"_blank\" rel=\"noopener\">https:\/\/advertise.bingads.microsoft.com\/en-us\/resources\/policies\/personalized-ads<\/a><br \/>\n&#8211; [[F\u00dcGEN SIE DIE OPT-OUT-LINKS DER GENUTZTEN DIENSTE EIN]]<\/p>\n<p>Dar\u00fcber hinaus k\u00f6nnen Sie sich bei einigen dieser Dienste abmelden, indem Sie das Opt-out-Portal der Digital Advertising Alliance besuchen unter:<br \/>\n<a href=\"http:\/\/optout.aboutads.info\/\" target=\"_blank\" rel=\"noopener\">http:\/\/optout.aboutads.info\/<\/a><\/p>\n<p>&nbsp;<\/p>\n<h2><strong>DO NOT TRACK<\/strong><\/h2>\n<p>Bitte beachten Sie, dass wir die Datenerfassungs- und Nutzungspraktiken unserer Website nicht \u00e4ndern, wenn wir ein &#8222;Do Not Track&#8220;-Signal von Ihrem Browser sehen.<\/p>\n<p>&nbsp;<\/p>\n<h2><strong>IHRE RECHTE<\/strong><\/h2>\n<p>Wenn Sie in Europa ans\u00e4ssig sind, haben Sie das Recht, auf die von uns \u00fcber Sie gespeicherten personenbezogenen Daten zuzugreifen und die Berichtigung, Aktualisierung oder L\u00f6schung Ihrer personenbezogenen Daten zu verlangen. Wenn Sie von diesem Recht Gebrauch machen m\u00f6chten, kontaktieren Sie uns bitte \u00fcber die unten stehenden Kontaktinformationen.<\/p>\n<p>Wenn Sie in Europa ans\u00e4ssig sind, weisen wir au\u00dferdem darauf hin, dass wir Ihre Daten verarbeiten, um Vertr\u00e4ge mit Ihnen zu erf\u00fcllen (z. B. wenn Sie eine Bestellung \u00fcber die Website aufgeben) oder um unsere oben aufgef\u00fchrten legitimen Gesch\u00e4ftsinteressen zu verfolgen. Bitte beachten Sie au\u00dferdem, dass Ihre Daten au\u00dferhalb Europas, einschlie\u00dflich Kanada und den Vereinigten Staaten, \u00fcbermittelt werden.<\/p>\n<p>&nbsp;<\/p>\n<h2><strong>DATENSPEICHERUNG<\/strong><\/h2>\n<p>Wenn Sie eine Bestellung \u00fcber die Website aufgeben, werden wir Ihre Bestellinformationen f\u00fcr unsere Unterlagen aufbewahren, bis Sie uns bitten, diese Informationen zu l\u00f6schen.<\/p>\n<p>&nbsp;<\/p>\n<h2><strong>\u00c4NDERUNGEN<\/strong><\/h2>\n<p>Wir behalten uns vor, diese Datenschutzrichtlinie von Zeit zu Zeit zu aktualisieren, um z. B. \u00c4nderungen unserer Praktiken oder andere betriebliche, rechtliche oder regulatorische Gr\u00fcnde zu ber\u00fccksichtigen.<\/p>\n<p>&nbsp;<\/p>\n<h2><strong>KONTAKT<\/strong><\/h2>\n<p>Wenn Sie weitere Informationen \u00fcber unsere Datenschutzpraktiken w\u00fcnschen, Fragen haben oder eine Beschwerde einreichen m\u00f6chten, wenden Sie sich bitte per E-Mail an info@seep.ch<\/p>\n","protected":false},"excerpt":{"rendered":"<p>Datenschutzpolitik &nbsp; &nbsp; PERS\u00d6NLICHE INFORMATIONEN, DIE WIR SAMMELN Wenn Sie die Website besuchen, erfassen wir automatisch bestimmte Informationen \u00fcber Ihr Ger\u00e4t, einschlie\u00dflich Informationen \u00fcber Ihren Webbrowser, Ihre IP-Adresse, Ihre Zeitzone und einige der Cookies, die auf Ihrem Ger\u00e4t installiert sind. Wenn Sie auf der Website surfen, erfassen wir au\u00dferdem Informationen \u00fcber die einzelnen Webseiten oder [&hellip;]<\/p>\n","protected":false},"author":1,"featured_media":0,"parent":0,"menu_order":0,"comment_status":"closed","ping_status":"open","template":"page-text.php","meta":[],"acf":[],"_links":{"self":[{"href":"https:\/\/notary.seep.ch\/de\/wp-json\/wp\/v2\/pages\/1631"}],"collection":[{"href":"https:\/\/notary.seep.ch\/de\/wp-json\/wp\/v2\/pages"}],"about":[{"href":"https:\/\/notary.seep.ch\/de\/wp-json\/wp\/v2\/types\/page"}],"author":[{"embeddable":true,"href":"https:\/\/notary.seep.ch\/de\/wp-json\/wp\/v2\/users\/1"}],"replies":[{"embeddable":true,"href":"https:\/\/notary.seep.ch\/de\/wp-json\/wp\/v2\/comments?post=1631"}],"version-history":[{"count":2,"href":"https:\/\/notary.seep.ch\/de\/wp-json\/wp\/v2\/pages\/1631\/revisions"}],"predecessor-version":[{"id":1683,"href":"https:\/\/notary.seep.ch\/de\/wp-json\/wp\/v2\/pages\/1631\/revisions\/1683"}],"wp:attachment":[{"href":"https:\/\/notary.seep.ch\/de\/wp-json\/wp\/v2\/media?parent=1631"}],"curies":[{"name":"wp","href":"https:\/\/api.w.org\/{rel}","templated":true}]}}