{"id":1651,"date":"2021-11-01T11:30:15","date_gmt":"2021-11-01T11:30:15","guid":{"rendered":"https:\/\/notary.seep.ch\/?page_id=1651"},"modified":"2021-11-01T11:30:15","modified_gmt":"2021-11-01T11:30:15","slug":"einwilligung-in-die-verarbeitung-personenbezogener-daten","status":"publish","type":"page","link":"https:\/\/notary.seep.ch\/de\/einwilligung-in-die-verarbeitung-personenbezogener-daten\/","title":{"rendered":"Einwilligung in die Verarbeitung personenbezogener Daten"},"content":{"rendered":"<h1 style=\"text-align: center;\">Einwilligung in die Verarbeitung personenbezogener Daten<\/h1>\n<p>&nbsp;<\/p>\n<p>&nbsp;<\/p>\n<p>Indem Sie eine Bewerbung auf der Website seep.ch einreichen, erkl\u00e4ren Sie sich aus freiem Willen und in Ihrem eigenen Interesse sowie unter Best\u00e4tigung Ihrer Rechtsf\u00e4higkeit mit der Verarbeitung Ihrer personenbezogenen Daten auf der Website einverstanden, die dem Sch\u00f6pfer und Entwickler der Plattform, der HERDA GmbH geh\u00f6rt, und zwar sowohl ohne als auch mit Hilfe von Automatisierungswerkzeugen. <\/p>\n<p>&nbsp;<\/p>\n<p>Personenbezogene Daten sind alle Informationen, die sich direkt oder indirekt auf Sie beziehen, einschlie\u00dflich, aber nicht beschr\u00e4nkt auf: Name, Nachname, Vatersname, Geburtsdatum, Kontakttelefonnummern, E-Mail-Adresse, Postanschrift.<\/p>\n<p>&nbsp;<\/p>\n<p>Mit dieser Zustimmung best\u00e4tigen Sie, dass Sie dar\u00fcber informiert sind, dass die Verarbeitung personenbezogener Daten als bestimmte Operationen mit personenbezogenen Daten verstanden werden kann, n\u00e4mlich: Sammlung, Aufzeichnung, Systematisierung, Akkumulation, Speicherung, Korrektur (Aktualisierung, \u00c4nderung), Extraktion, Nutzung, \u00dcbertragung (Bereitstellung, Zugang), Sperrung, L\u00f6schung, Zerst\u00f6rung personenbezogener Daten, die durch den Einsatz automatisierter Werkzeuge auf der Website durchgef\u00fchrt werden.<br \/>\nSie erkennen hiermit an, dass Sie dar\u00fcber informiert sind, dass die Verarbeitung der von Ihnen zur Verf\u00fcgung gestellten personenbezogenen Daten zu folgendem Zweck erfolgen kann: zur Erf\u00fcllung unserer Verpflichtungen im Rahmen von Auftr\u00e4gen, Vertr\u00e4gen und anderen Verpflichtungen, die wir als f\u00fcr Sie verbindlich eingegangen sind. Zu diesem Zweck f\u00fchren wir eine Reihe von T\u00e4tigkeiten mit dem Ziel durch, die folgenden Aufgaben zu erf\u00fcllen<\/p>\n<p>&nbsp;<\/p>\n<p>1) Identifizierung der Partei, die den Dienst in Anspruch nimmt<br \/>\n2) Bereitstellung eines personalisierten Dienstes f\u00fcr den Nutzer;<br \/>\n3) Verbesserung der Qualit\u00e4t der Dienste und Entwicklung neuer Dienste;<br \/>\n4) Durchf\u00fchrung von statistischen und anderen Studien auf der Grundlage anonymisierter Daten;<br \/>\n5) Weitergabe der personenbezogenen Daten des Nutzers an Rechteinhaber, Vertreiber oder Wiederverk\u00e4ufer von Software zum Zwecke der Registrierung der Software auf den Namen des Nutzers oder der von ihm vertretenen Einrichtung<br \/>\n6) die Bereitstellung einer sicheren und benutzerfreundlichen Funktionalit\u00e4t f\u00fcr die Nutzung der Website und die effiziente Anzeige von Informationen f\u00fcr die Nutzer der Website;<br \/>\n7) die effiziente Ausf\u00fchrung von Bestellungen, Vertr\u00e4gen und anderen Verpflichtungen, die wir gegen\u00fcber dem Nutzer eingegangen sind;<br \/>\n8) die Bearbeitung von Fragen der Nutzer der Website;<br \/>\n9) die Anmeldung von Nutzern der Website zu Veranstaltungen;<br \/>\n10) Registrierung von Kunden\/Partnern auf der Website im Service-Desk-System f\u00fcr die sp\u00e4tere technische Unterst\u00fctzung;<br \/>\n11) die Aus\u00fcbung und\/oder Erf\u00fcllung der uns gesetzlich zugewiesenen Funktionen, Befugnisse und Pflichten.<\/p>\n<p>&nbsp;<\/p>\n<p>Diese Einwilligung bezieht sich auf folgende personenbezogene Daten: Name, Vorname, Vatersname, Geburtsdatum, Lieferadresse; Kontakttelefonnummer (privat, mobil, B\u00fcro), Firmenangaben, Berufsbezeichnung, Faxnummer, Handynummer, E-Mail-Adresse, Angaben zu Land, Stadt, Region, Bankkartendaten (Nummer, CVV, Nachname in lateinischen Buchstaben, Jahr und Monat der G\u00fcltigkeit) und\/oder Bankkonten.<\/p>\n<p>Ihre Einwilligung gilt nur f\u00fcr den Zeitraum, der zur Erreichung des Zwecks der Verarbeitung Ihrer personenbezogenen Daten erforderlich ist, es sei denn, das geltende Recht schreibt einen anderen Zeitraum vor. Sie k\u00f6nnen diese Einwilligung jedoch jederzeit widerrufen, indem Sie sich an die folgende E-Mail-Adresse wenden: info@seep.ch mit dem Vermerk &#8222;Widerruf der Einwilligung zur Verarbeitung personenbezogener Daten&#8220;. Ihre personenbezogenen Daten werden dann innerhalb von 30 Tagen nach Erhalt dieser Mitteilung gel\u00f6scht. Wenn Sie oder Ihr Vertreter Ihre Zustimmung zur\u00fcckziehen, kann der Website personenbezogene Daten ohne diese aus den in Artikel 49, 89 der Allgemeinen Datenschutzverordnung GDPR genannten Gr\u00fcnden weiterverarbeiten.<\/p>\n<p>&nbsp;<\/p>\n<p>Der Website garantiert die folgenden Rechte der betroffenen Person: das Recht, Auskunft dar\u00fcber zu erhalten, welche personenbezogenen Daten der betroffenen Person bei uns gespeichert sind; das Recht auf L\u00f6schung, \u00c4nderung oder Berichtigung der bei uns gespeicherten personenbezogenen Daten; andere gesetzlich festgelegte Rechte.<\/p>\n<p>&nbsp;<\/p>\n<p>Bitte beachten Sie, dass der Widerruf Ihrer Zustimmung zur Verarbeitung personenbezogener Daten die L\u00f6schung Ihres Kontos auf der Website (<a href=\"https:\/\/notary.seep.ch\/de\" rel=\"noopener\" target=\"_blank\">www.seep.ch<\/a>) und die Vernichtung der Aufzeichnungen mit Ihren personenbezogenen Daten in den Informationssystemen der Website zur Verarbeitung personenbezogener Daten zur Folge hat, was die Nutzung der Internetdienste der Website unm\u00f6glich machen kann.<\/p>\n","protected":false},"excerpt":{"rendered":"<p>Einwilligung in die Verarbeitung personenbezogener Daten &nbsp; &nbsp; Indem Sie eine Bewerbung auf der Website seep.ch einreichen, erkl\u00e4ren Sie sich aus freiem Willen und in Ihrem eigenen Interesse sowie unter Best\u00e4tigung Ihrer Rechtsf\u00e4higkeit mit der Verarbeitung Ihrer personenbezogenen Daten auf der Website einverstanden, die dem Sch\u00f6pfer und Entwickler der Plattform, der HERDA GmbH geh\u00f6rt, und [&hellip;]<\/p>\n","protected":false},"author":1,"featured_media":0,"parent":0,"menu_order":0,"comment_status":"closed","ping_status":"closed","template":"page-text.php","meta":[],"acf":[],"_links":{"self":[{"href":"https:\/\/notary.seep.ch\/de\/wp-json\/wp\/v2\/pages\/1651"}],"collection":[{"href":"https:\/\/notary.seep.ch\/de\/wp-json\/wp\/v2\/pages"}],"about":[{"href":"https:\/\/notary.seep.ch\/de\/wp-json\/wp\/v2\/types\/page"}],"author":[{"embeddable":true,"href":"https:\/\/notary.seep.ch\/de\/wp-json\/wp\/v2\/users\/1"}],"replies":[{"embeddable":true,"href":"https:\/\/notary.seep.ch\/de\/wp-json\/wp\/v2\/comments?post=1651"}],"version-history":[{"count":1,"href":"https:\/\/notary.seep.ch\/de\/wp-json\/wp\/v2\/pages\/1651\/revisions"}],"predecessor-version":[{"id":1652,"href":"https:\/\/notary.seep.ch\/de\/wp-json\/wp\/v2\/pages\/1651\/revisions\/1652"}],"wp:attachment":[{"href":"https:\/\/notary.seep.ch\/de\/wp-json\/wp\/v2\/media?parent=1651"}],"curies":[{"name":"wp","href":"https:\/\/api.w.org\/{rel}","templated":true}]}}