{"id":1657,"date":"2021-11-01T12:00:49","date_gmt":"2021-11-01T12:00:49","guid":{"rendered":"https:\/\/notary.seep.ch\/?page_id=1657"},"modified":"2021-11-01T12:00:49","modified_gmt":"2021-11-01T12:00:49","slug":"cookie-politik","status":"publish","type":"page","link":"https:\/\/notary.seep.ch\/de\/cookie-politik\/","title":{"rendered":"Cookie-Politik"},"content":{"rendered":"<h1 style=\"text-align: center;\">Cookie-Politik<\/h1>\n<p>&nbsp;<\/p>\n<h2>COOKIES<\/h2>\n<p>Wir verwenden Technologien wie &#8222;Cookies&#8220;, um Informationen zu sammeln und Ihre Online-Pr\u00e4ferenzen zu speichern. Cookies sind kleine Informationseinheiten, die von einem Webserver an einen Webbrowser gesendet werden und die es dem Server erm\u00f6glichen, den Browser auf jeder Seite eindeutig zu identifizieren.<\/p>\n<p>Wir verwenden die folgenden Kategorien von Cookies auf unserer Website:<\/p>\n<p>&nbsp;<\/p>\n<h2>KATEGORIE 1: UNBEDINGT ERFORDERLICHE COOKIES<\/h2>\n<p>Diese Cookies sind unerl\u00e4sslich, damit Sie sich auf der Website bewegen und ihre Funktionen nutzen k\u00f6nnen. Ohne diese Cookies k\u00f6nnen die von Ihnen angeforderten Dienste, wie z. B. die Speicherung Ihrer Anmeldedaten oder Warenkorbartikel, nicht bereitgestellt werden.<\/p>\n<p>&nbsp;<\/p>\n<h2>KATEGORIE 2: LEISTUNGS-COOKIES<\/h2>\n<p>Diese Cookies sammeln anonyme Informationen dar\u00fcber, wie Sie unsere Website nutzen. Wir verwenden beispielsweise Google Analytics-Cookies, um zu verstehen, wie Kunden auf unsere Website gelangen, sie durchst\u00f6bern oder nutzen, und um Bereiche hervorzuheben, in denen wir Verbesserungen vornehmen k\u00f6nnen, z. B. bei der Navigation, dem Einkaufserlebnis und den Marketingkampagnen. Die von diesen Cookies gespeicherten Daten enthalten keine pers\u00f6nlichen Angaben, aus denen Ihre individuelle Identit\u00e4t abgeleitet werden kann. Sie k\u00f6nnen diesen Cookies \u00fcber Ihre Browsereinstellungen zustimmen.<\/p>\n<p>&nbsp;<\/p>\n<h2>KATEGORIE 3: FUNKTIONS-COOKIES<\/h2>\n<p>Diese Cookies speichern von Ihnen getroffene Entscheidungen wie das Land, aus dem Sie unsere Website besuchen, die Sprache und Suchparameter wie Modell, Geh\u00e4usematerial oder Art des Armbands. Diese Cookies k\u00f6nnen verwendet werden, um Ihnen ein auf Ihre Auswahl abgestimmtes Erlebnis zu bieten und den Besuch unserer Website individueller und angenehmer zu gestalten. Die Informationen, die diese Cookies sammeln, k\u00f6nnen anonymisiert werden und sie k\u00f6nnen Ihre Surfaktivit\u00e4ten auf anderen Websites nicht verfolgen. \u00dcber die Einstellungen Ihres Browsers k\u00f6nnen Sie sich f\u00fcr diese Cookies entscheiden.<\/p>\n<p>&nbsp;<\/p>\n<h2>KATEGORIE 4: TARGETING-COOKIES ODER WERBE-COOKIES<\/h2>\n<p>Diese Cookies sammeln Informationen \u00fcber Ihre Surfgewohnheiten, um die Werbung besser auf Sie und Ihre Interessen abzustimmen. Sie werden auch verwendet, um die Anzahl der Werbeeinblendungen zu begrenzen und um die Wirksamkeit einer Werbekampagne zu messen. Die Cookies werden in der Regel von Werbenetzwerken Dritter gesetzt. Sie speichern die von Ihnen besuchten Websites, und diese Informationen werden an andere Parteien wie z. B. Werbetreibende weitergegeben. So nutzen wir beispielsweise Drittanbieter, um Ihnen beim Besuch anderer Websites personalisierte Werbung zu zeigen. Sie k\u00f6nnen diesen Cookies \u00fcber Ihre Browsereinstellungen zustimmen.<\/p>\n<p>&nbsp;<\/p>\n<h2>KATEGORIE 5: COOKIES F\u00dcR SOZIALE MEDIEN<\/h2>\n<p>Diese Cookies erm\u00f6glichen es Ihnen, Ihre Aktivit\u00e4ten auf der Website in sozialen Medien wie Facebook und Twitter zu teilen. Wie diese Cookies funktionieren, entnehmen Sie bitte den jeweiligen Datenschutzrichtlinien. Wenn Sie bereits auf Ihrem Computer gespeicherte Cookies l\u00f6schen m\u00f6chten, finden Sie im Hilfe- und Supportbereich Ihres Internetbrowsers Anweisungen, wie Sie die Datei oder das Verzeichnis, in dem Cookies gespeichert sind, ausfindig machen k\u00f6nnen. Informationen zum L\u00f6schen oder Kontrollieren von Cookies finden Sie unter www.AboutCookies.org. Bitte beachten Sie, dass Sie durch das L\u00f6schen unserer Cookies oder die Deaktivierung k\u00fcnftiger Cookies m\u00f6glicherweise nicht auf bestimmte Bereiche oder Funktionen unserer Website zugreifen k\u00f6nnen.<\/p>\n<p>Sie k\u00f6nnen Ihre Zustimmung zu diesen Cookies jederzeit \u00fcber die folgenden Optionen widerrufen:<br \/>\n&#8211; Google-Analytics-Cookies f\u00fcr alle Websites: Bitte besuchen Sie das Google Analytics Opt-out Browser Add-on.<br \/>\n&#8211; Andere Cookies von Drittanbietern im Zusammenhang mit verhaltensbezogener Werbung: Bitte besuchen Sie www.youronlinechoices.eu.<br \/>\n&#8211; Alle anderen Arten von Cookies: Sie k\u00f6nnen die Cookies \u00fcber Ihre Browsereinstellungen l\u00f6schen. <\/p>\n<p>Bitte beachten Sie, dass die Ablehnung von Cookies nicht bedeutet, dass Sie keine Online-Werbung mehr erhalten. Es bedeutet jedoch, dass das Unternehmen oder die Unternehmen, von denen Sie sich abgemeldet haben, keine auf Ihre Webpr\u00e4ferenzen und Ihr Nutzungsverhalten zugeschnittene Werbung mehr schalten.<\/p>\n<p>F\u00fcr weitere Informationen kontaktieren Sie uns per E-Mail &#8211; <a href=\"mailto:info@seep.ch\" target=\"_blank\" rel=\"noopener\">info@seep.ch<\/a><\/p>\n","protected":false},"excerpt":{"rendered":"<p>Cookie-Politik &nbsp; COOKIES Wir verwenden Technologien wie &#8222;Cookies&#8220;, um Informationen zu sammeln und Ihre Online-Pr\u00e4ferenzen zu speichern. Cookies sind kleine Informationseinheiten, die von einem Webserver an einen Webbrowser gesendet werden und die es dem Server erm\u00f6glichen, den Browser auf jeder Seite eindeutig zu identifizieren. Wir verwenden die folgenden Kategorien von Cookies auf unserer Website: &nbsp; [&hellip;]<\/p>\n","protected":false},"author":1,"featured_media":0,"parent":0,"menu_order":0,"comment_status":"closed","ping_status":"closed","template":"page-text.php","meta":[],"acf":[],"_links":{"self":[{"href":"https:\/\/notary.seep.ch\/de\/wp-json\/wp\/v2\/pages\/1657"}],"collection":[{"href":"https:\/\/notary.seep.ch\/de\/wp-json\/wp\/v2\/pages"}],"about":[{"href":"https:\/\/notary.seep.ch\/de\/wp-json\/wp\/v2\/types\/page"}],"author":[{"embeddable":true,"href":"https:\/\/notary.seep.ch\/de\/wp-json\/wp\/v2\/users\/1"}],"replies":[{"embeddable":true,"href":"https:\/\/notary.seep.ch\/de\/wp-json\/wp\/v2\/comments?post=1657"}],"version-history":[{"count":1,"href":"https:\/\/notary.seep.ch\/de\/wp-json\/wp\/v2\/pages\/1657\/revisions"}],"predecessor-version":[{"id":1658,"href":"https:\/\/notary.seep.ch\/de\/wp-json\/wp\/v2\/pages\/1657\/revisions\/1658"}],"wp:attachment":[{"href":"https:\/\/notary.seep.ch\/de\/wp-json\/wp\/v2\/media?parent=1657"}],"curies":[{"name":"wp","href":"https:\/\/api.w.org\/{rel}","templated":true}]}}